{"id":295,"date":"2023-07-06T00:13:46","date_gmt":"2023-07-05T21:13:46","guid":{"rendered":"https:\/\/asociatiasalvatore.ro\/?page_id=295"},"modified":"2023-07-27T14:57:08","modified_gmt":"2023-07-27T11:57:08","slug":"politica-cookies","status":"publish","type":"page","link":"https:\/\/asociatiasalvatore.ro\/en\/politica-cookies\/","title":{"rendered":"Cookies policy"},"content":{"rendered":"<div data-elementor-type=\"wp-page\" data-elementor-id=\"295\" class=\"elementor elementor-295\" data-elementor-post-type=\"page\">\n\t\t\t\t\t\t<section class=\"elementor-section elementor-top-section elementor-element elementor-element-27a7ac69 elementor-section-boxed elementor-section-height-default elementor-section-height-default\" data-id=\"27a7ac69\" data-element_type=\"section\">\n\t\t\t\t\t\t<div class=\"elementor-container elementor-column-gap-default\">\n\t\t\t\t\t<div class=\"elementor-column elementor-col-100 elementor-top-column elementor-element elementor-element-16f805c\" data-id=\"16f805c\" data-element_type=\"column\">\n\t\t\t<div class=\"elementor-widget-wrap elementor-element-populated\">\n\t\t\t\t\t\t<div class=\"elementor-element elementor-element-23dcd00e elementor-widget elementor-widget-text-editor\" data-id=\"23dcd00e\" data-element_type=\"widget\" data-widget_type=\"text-editor.default\">\n\t\t\t\t<div class=\"elementor-widget-container\">\n\t\t\t<style>\/*! elementor - v3.19.0 - 28-02-2024 *\/\n.elementor-widget-text-editor.elementor-drop-cap-view-stacked .elementor-drop-cap{background-color:#69727d;color:#fff}.elementor-widget-text-editor.elementor-drop-cap-view-framed .elementor-drop-cap{color:#69727d;border:3px solid;background-color:transparent}.elementor-widget-text-editor:not(.elementor-drop-cap-view-default) .elementor-drop-cap{margin-top:8px}.elementor-widget-text-editor:not(.elementor-drop-cap-view-default) .elementor-drop-cap-letter{width:1em;height:1em}.elementor-widget-text-editor .elementor-drop-cap{float:left;text-align:center;line-height:1;font-size:50px}.elementor-widget-text-editor .elementor-drop-cap-letter{display:inline-block}<\/style>\t\t\t\t<h2 class=\"elementor-heading-title elementor-size-default\">Cookies policy<\/h2><p>\u00a0<\/p><p>Asociatia salvatore, persoana juridica romana, cu sediul in cu sediul social in Sf\u00e2ntu Gheorghe, Cr\u00e2ngului nr. 13, Bl. 21, Sc. A, Ap. 9, jud. Covasna, Rom\u00e2nia, \u00eenregistrat\u0103 la Registrul Comer\u0163ului av\u00e2nd C.I.F.\/C.U.I. nr. 34369950., in calitate de operator de date va transmitem aceasta Nota de informare pentru a va explica modul in care prelucram si protejam datele\u00a0 cu caracter personal.<\/p><p><strong>1. CE ESTE UN FISIER COOKIE IN CE SCOP ESTE FOLOSIT?<\/strong><\/p><p>Websiteul\u00a0 nostru utilizeaza tehnologia de tip cookie pentru a va oferi un serviciu web mai bun si personalizat. Datele stocate de fisierele de tip cookie utilizate pe Website-ul nostru nu arata niciodata detalii personale in baza carora sa poate fi stabilita o identitate individuala.<\/p><p>Un fisier de tip cookie reprezinta un mic fisier text care este stocat si\/sau citit de browserul dvs. web pe hard disk-ul dispozitivului dvs. final (<em>de exemplu<\/em>, computer, laptop sau smartphone) in functie de site-urile web pe care le vizitati. Fisierele de tip cookie fac interactiunea dvs. cu site-urile web mai sigura si mai rapida, deoarece acestea isi pot aminti preferintele dvs. (<em>de exemplu<\/em>, autentificare, limba<\/p><p><strong>2. FISIERELE DE TIP COOKIE\u00a0UTILIZAT PE WEBSITE-UL IDEAL CUSTOMER<\/strong><\/p><p>In baza functiei si scopului pentru care sunt utilizate fisierele de tip cookie, acestea sunt clasificate in urmatoarele categorii:<\/p><ul><li>Fisiere de tip cookie necesare va permit sa navigati pe Website si sa ii utilizati functiile de baza. De obicei, acestea sunt instalate doar ca raspuns la actiunile efectuate de dvs. care echivaleaza cu o cerere de servicii. Aceste fisiere sunt indispensabile pentru utilizarea Website-urilor.<\/li><li>Fisiere de tip cookie privind marketing si identificarea publicului tinta\u00a0inregistreaza vizita dvs. pe Website-ul nostru, paginile pe care le-ati vizitat si link-urile pe care le-ati accesat. Vom utiliza aceste informatii pentru a oferi reclame mai relevante pentru. De asemenea, acestea sunt utilizate pentru a limita frecventa cu care puteti vedea o reclama si pentru a ajuta la masurarea eficientei campaniilor publicitare,\u00a0 putem impartasi aceste informatii cu terte-parti (cum ar fi agentii de publicitate) in acest scop. Perioada de expirare a acestor fisiere de tip cookie este de maximum 2 ani.\u00a0In ceea ce priveste third-party cookies, perioada de expirare poate sa varieze si in unele cazuri poate depasi 2 ani.\u00a0Pentru mai multe detalii cu privire la aceasta categorie de cookies aveti mai jos informatii legat de Google Analytics:<\/li><\/ul><p><strong>Google Analytics<\/strong><\/p><p>Pentru a primii anunturi publicitare si continut de marketing, personalizate in functie de preferintele dvs., Website-ul nostru utilizeaza tehnologia DoubleClick for Publishers (DFP) si Google Ad Exchange, furnizate de Google. Informatiile generate de fisierele de tip cookie cu privire la utilizarea de catre dvs. a Website-ului (inclusiv adresa dvs. IP)\u00a0 vor fi transmise si stocate de Google pe servere care pot fi localizate in UE, SEE si\/sau Statele Unite. De asemenea, Google poate transfera aceste informatii catre terti in cazul in care are aceasta obligatie conform legii sau in cazul in care acesti terti prelucreaza informatiile in numele Google. Google nu va asocia adresa dvs. IP cu alte date detinute de Google.<\/p><p>Informatii detaliate cu privire la Google Analytics si protectia datelor cu caracter personal (inclusiv modul in care puteti controla informatiile trimise catre Google) pot fi gasite la:\u00a0<a href=\"https:\/\/policies.google.com\/privacy\/partners\" target=\"_blank\" rel=\"noopener\">https:\/\/policies.google.com\/privacy\/partners<\/a><\/p><ul><li>Fisiere de tip cookie privind functionalitatea\u00a0sunt utilizate pentru a va recunoaste atunci cand reveniti pe Website-ul nostru si ne permit sa va oferim functii imbunatatite si mai personalizate, cum ar fi reamintirea preferintelor dvs.\u00a0 Aceste fisiere de tip cookie colecteaza informatii anonime si nu pot urmarii navigarile dvs. pe alte site-uri web. Perioada de expirare a acestor fisiere de tip cookie este de maximum 2 ani.<\/li><li>Fisiere de tip cookie analitice si privind performanta\u00a0ne permit sa recunoastem si sa numaram utilizatorii si sa colectam informatii despre modul in care este utilizat Website-ul (de exemplu, paginile pe care un utilizator le deschide cel mai des si daca utilizatorul primeste mesaje de eroare de la anumite pagini). Aceasta ne ajuta sa imbunatatim modul in care functioneaza Website-ul nostrum. Perioada de expirare a acestor fisiere de tip cookie este de maximum 2 ani.\u00a0\u00a0Pentru mai multe detalii cu privire la aceasta categorie de cookies aveti mai jos informatii;<\/li><\/ul><p>Website-urile noastre utilizeaza Google Analytics, un serviciu pentru analiza web, furnizat de Google. Google Analytics utilizeaza fisiere de tip cookie pentru a ajuta un anumit Website sa analizeze modul in care utilizati respectivul Website. Informatiile generate de fisierele de tip cookie cu privire la utilizarea de catre dvs. a Website-ului (inclusiv adresa dvs. IP)\u00a0 vor fi transmise si stocate de Google pe servere care pot fi localizate in UE, SEE si\/sau Statele Unite. Google va utiliza aceste informatii in scopul evaluarii utilizarii de catre dvs. a Website-ului, elaborand rapoarte cu privire la activitatea Website-ului pentru operatorii Website-ului si furnizand alte servicii referitoare la activitatea Website-ului si la utilizarea internetului. De asemenea, Google poate transfera aceste informatii catre terti in cazul in care are aceasta obligatie conform legii sau in cazul in care acesti terti prelucreaza informatiile in numele Google. Google nu va asocia adresa dvs. IP cu alte date detinute de Google.<\/p><p>Puteti renunta la Google Analytics fara a afecta modul in care puteti vizita site-ul nostru web.<\/p><p>Informatii detaliate cu privire la Google Analytics si protectia datelor cu caracter personal (inclusiv modul in care puteti controla informatiile trimise catre Google) pot fi gasite la:\u00a0<a href=\"https:\/\/policies.google.com\/privacy\/partners\" target=\"_blank\" rel=\"noopener\">https:\/\/policies.google.com\/privacy\/partners<\/a>.<\/p><p>Pentru a impiedica monitorizarea prin acest tip de cookie, puteti instala un add-in pe browserul dvs. web (<a href=\"http:\/\/tools.google.com\/dlpage\/gaoptout\" target=\"_blank\" rel=\"noopener\">http:\/\/tools.google.com\/dlpage\/gaoptout<\/a>).<\/p><p>Alte fisiere de tip cookie analitice si privind performanta:<\/p><ul><li>Fisiere de tip cookie privind retelele sociale\u00a0va permit sa impartasiti pe site-ul web activitatea dvs. pe retele sociale, cum ar fi Facebook si Twitter. Aceste fisiere de tip cookie nu sunt controlate de catre noi. Pentru mai multe detalii cu privire la aceasta categorie de cookies, consultati Sectiunea 6 de mai jos.<\/li><li>Alte tipuri de fisiere de tip cookie\u00a0care pot fi utilizate ulterior. Va vom informa prin politicile noastre actualizate daca sunt utilizate orice alte tipuri de cookies.<\/li><li>Va rugam sa observati ca Asociatia salvatore utilizeaza serviciile tertelor-parti pentru a obtine informatii cu privire la utilizarea de catre dvs. a Website-ului nostru pentru a optimiza experienta dvs. de utilizator si pentru a va prezenta publicitate in afara Website-urilor noastre.<\/li><\/ul><p><strong>3. CUM PUTETI CONTROLA FISIERELE DE TIP COOKIE<\/strong><\/p><p>Va puteti retrage consimtamantul privind fisierele de tip cookie in orice moment. In acest scop, puteti sa blocati sau eliminati fisierele cookie fie prin intermediul setarilor browserului dvs. web sau prin utilizarea unor software-uri puse la dispozitie de terti, sau urmand instructiunile specifice pentru categoriile de cookie din sectiunile urmatoare. In orice situatie, pot aparea probleme legate de utilizarea anumitor parti ale site-ului web daca dezactivati fisierele de tip cookie.<\/p><p>In cazul in care doriti sa eliminati fisierele de tip cookie stocate pe dispozitivele dvs. si sa configurati browserul dvs. web astfel ancat sa refuze fisiere de tip cookie, puteti sa utilizati setarile privind preferintele din browser-ul dvs. web. De\u00a0 obicei, puteti gasi setarile de navigare referitoare la fisiere de tip cookie in meniurile \u201eOptiuni\u201d, \u201eInstrumente\u201d sau \u201ePreferinte\u201d din browserul web pe\u00a0 care il utilizati pentru a accesa Website-urile noastre. In functie de browserele web existente, pot fi utilizate mijloace diverse pentru a dezactiva fisierele de tip cookie. Pentru a obtine mai multe informatii, va rugam sa vizitati website-ul browserelor dvs.:<\/p><ul><li>Setari cookie in Internet Explorer \u2013\u00a0<a href=\"https:\/\/support.microsoft.com\/en-us\/help\/17442\/windows-internet-explorer-delete-manage-cookies#ie=ie-11\" target=\"_blank\" rel=\"noopener\">Internet Explorer<\/a>;<\/li><li>Setari cookie in Firefox \u2013\u00a0<a href=\"https:\/\/support.mozilla.org\/en-US\/kb\/enable-and-disable-cookies-website-preferences\" target=\"_blank\" rel=\"noopener\">Firefox<\/a>;<\/li><li>Setari cookie in Chrome \u2013\u00a0<a href=\"https:\/\/support.google.com\/chrome\/answer\/95647?hl=en&amp;hlrm=en\" target=\"_blank\" rel=\"noopener\">Chrome<\/a>;<\/li><li>Setari cookie in Safari \u2013\u00a0<a href=\"https:\/\/support.apple.com\/guide\/safari\/manage-cookies-and-website-data-sfri11471\/mac\" target=\"_blank\" rel=\"noopener\">Safari<\/a>;<\/li><li>Setari cookie in Edge \u2013\u00a0<a href=\"https:\/\/privacy.microsoft.com\/en-us\/windows-10-microsoft-edge-and-privacy\" target=\"_blank\" rel=\"noopener\">Edge<\/a>;<\/li><li>Setari cookie in Opera \u2013\u00a0<a href=\"https:\/\/www.opera.com\/help\/tutorials\/security\/privacy\/\" target=\"_blank\" rel=\"noopener\">Opera<\/a>.<\/li><\/ul><p>Pentru a afla mai multe despre fisierele de tip cookie, va rugam sa vizitati\u00a0<a href=\"http:\/\/www.allaboutcookies.org\/\" target=\"_blank\" rel=\"noopener\">www.allaboutcookies.org<\/a>\u00a0sau sa vedeti\u00a0<a href=\"http:\/\/www.youronlinechoices.eu\/\" target=\"_blank\" rel=\"noopener\">www.youronlinechoices.eu<\/a>, care contine informatii suplimentare privind publicitatea comportamentala si viata privata online.<\/p><p><strong>4. FISIERE DE TIP COOKIE PRIVIND RETELELE SOCIALE<\/strong><\/p><p>Pe unele dintre Website-urile noastre, terte parti care furnizeaza aplicatii prin intermediul acestor \u00a0Website-uri pot plasa propriile lor fisiere de tip cookie in vederea monitorizarii performantei aplicatiilor lor sau pentru a-si personaliza aceste aplicatii pentru dvs. De exemplu, atunci cand distribuiti un articol utilizand un buton de distribuire in retelele de socializare (e.g., Facebook or Twitter) disponibil pe un Website, platforma retelei de socializare asociata butonului respectiv va inregistra acest lucru. Pe unele Website-uri poate de asemenea sa existe continut integrat (\u201eembedded\u201d), de exemplu continut video al unor terte parti precum YouTube, si, in acest caz, acesti terti pot sa-si plaseze la randul lor propriile fisiere de tip cookie.<\/p><p>Asemenea fisiere de tip cookie nu pot fi accesate de Asociatia salvatore.<\/p>\t\t\t\t\t\t<\/div>\n\t\t\t\t<\/div>\n\t\t\t\t\t<\/div>\n\t\t<\/div>\n\t\t\t\t\t<\/div>\n\t\t<\/section>\n\t\t\t\t<\/div>","protected":false},"excerpt":{"rendered":"<p>Politica Cookies \u00a0 Asociatia salvatore, persoana juridica romana, cu sediul in cu sediul social in Sf\u00e2ntu Gheorghe, Cr\u00e2ngului nr. 13, Bl. 21, Sc. A, Ap. 9, jud. Covasna, Rom\u00e2nia, \u00eenregistrat\u0103 la Registrul Comer\u0163ului av\u00e2nd C.I.F.\/C.U.I. nr. 34369950., in calitate de operator de date va transmitem aceasta Nota de informare pentru a va explica modul in [&hellip;]<\/p>","protected":false},"author":1,"featured_media":0,"parent":0,"menu_order":0,"comment_status":"closed","ping_status":"closed","template":"elementor_header_footer","meta":{"footnotes":""},"_links":{"self":[{"href":"https:\/\/asociatiasalvatore.ro\/en\/wp-json\/wp\/v2\/pages\/295"}],"collection":[{"href":"https:\/\/asociatiasalvatore.ro\/en\/wp-json\/wp\/v2\/pages"}],"about":[{"href":"https:\/\/asociatiasalvatore.ro\/en\/wp-json\/wp\/v2\/types\/page"}],"author":[{"embeddable":true,"href":"https:\/\/asociatiasalvatore.ro\/en\/wp-json\/wp\/v2\/users\/1"}],"replies":[{"embeddable":true,"href":"https:\/\/asociatiasalvatore.ro\/en\/wp-json\/wp\/v2\/comments?post=295"}],"version-history":[{"count":18,"href":"https:\/\/asociatiasalvatore.ro\/en\/wp-json\/wp\/v2\/pages\/295\/revisions"}],"predecessor-version":[{"id":845,"href":"https:\/\/asociatiasalvatore.ro\/en\/wp-json\/wp\/v2\/pages\/295\/revisions\/845"}],"wp:attachment":[{"href":"https:\/\/asociatiasalvatore.ro\/en\/wp-json\/wp\/v2\/media?parent=295"}],"curies":[{"name":"wp","href":"https:\/\/api.w.org\/{rel}","templated":true}]}}